{"id":1303,"date":"2016-07-20T23:09:26","date_gmt":"2016-07-20T21:09:26","guid":{"rendered":"http:\/\/lightofswitzerland.ch\/?page_id=1303"},"modified":"2016-07-21T07:24:28","modified_gmt":"2016-07-21T05:24:28","slug":"unter-geiern","status":"publish","type":"page","link":"https:\/\/lightofswitzerland.ch\/index.php\/unter-geiern\/","title":{"rendered":"Unter Geiern"},"content":{"rendered":"<header class=\"entry-header\">\n<h1 class=\"entry-title\" style=\"text-align: left;\"><strong><span style=\"color: #000000;\">fly like an eagle:<\/span><\/strong><\/h1>\n<\/header>\n<div class=\"entry-content cf\" style=\"text-align: center;\">\n<hr \/>\n<p style=\"text-align: left;\"><span style=\"color: #000000;\">Unterwegs mit G\u00e4nsegeiern hoch \u00fcber der Aradena-Schlucht im wilden S\u00fcden von Kreta.\u00a0<\/span><\/p>\n<\/div>\n<hr \/>\n<div class=\"haupttext\" style=\"text-align: center;\"><\/div>\n<div class=\"haupttext\" style=\"text-align: center;\">\n<p><img loading=\"lazy\" decoding=\"async\" class=\"aligncenter size-full wp-image-1307\" src=\"http:\/\/lightofswitzerland.ch\/wp-content\/uploads\/2016\/07\/Unter-Geiern-01.jpg\" alt=\"Unter Geiern 01\" width=\"800\" height=\"600\" srcset=\"https:\/\/lightofswitzerland.ch\/wp-content\/uploads\/2016\/07\/Unter-Geiern-01.jpg 800w, https:\/\/lightofswitzerland.ch\/wp-content\/uploads\/2016\/07\/Unter-Geiern-01-300x225.jpg 300w, https:\/\/lightofswitzerland.ch\/wp-content\/uploads\/2016\/07\/Unter-Geiern-01-768x576.jpg 768w\" sizes=\"auto, (max-width: 800px) 100vw, 800px\" \/>\u00a0 <img loading=\"lazy\" decoding=\"async\" class=\"aligncenter size-full wp-image-1308\" src=\"http:\/\/lightofswitzerland.ch\/wp-content\/uploads\/2016\/07\/Unter-Geiern-02.jpg\" alt=\"Unter Geiern 02\" width=\"800\" height=\"600\" srcset=\"https:\/\/lightofswitzerland.ch\/wp-content\/uploads\/2016\/07\/Unter-Geiern-02.jpg 800w, https:\/\/lightofswitzerland.ch\/wp-content\/uploads\/2016\/07\/Unter-Geiern-02-300x225.jpg 300w, https:\/\/lightofswitzerland.ch\/wp-content\/uploads\/2016\/07\/Unter-Geiern-02-768x576.jpg 768w\" sizes=\"auto, (max-width: 800px) 100vw, 800px\" \/>\u00a0 <img loading=\"lazy\" decoding=\"async\" class=\"aligncenter size-full wp-image-1309\" src=\"http:\/\/lightofswitzerland.ch\/wp-content\/uploads\/2016\/07\/Unter-Geiern-03.jpg\" alt=\"Unter Geiern 03\" width=\"800\" height=\"600\" srcset=\"https:\/\/lightofswitzerland.ch\/wp-content\/uploads\/2016\/07\/Unter-Geiern-03.jpg 800w, https:\/\/lightofswitzerland.ch\/wp-content\/uploads\/2016\/07\/Unter-Geiern-03-300x225.jpg 300w, https:\/\/lightofswitzerland.ch\/wp-content\/uploads\/2016\/07\/Unter-Geiern-03-768x576.jpg 768w\" sizes=\"auto, (max-width: 800px) 100vw, 800px\" \/>\u00a0\u00a0<img loading=\"lazy\" decoding=\"async\" class=\"aligncenter size-full wp-image-1311\" src=\"http:\/\/lightofswitzerland.ch\/wp-content\/uploads\/2016\/07\/Unter-Geiern-05.jpg\" alt=\"Unter Geiern 05\" width=\"800\" height=\"600\" srcset=\"https:\/\/lightofswitzerland.ch\/wp-content\/uploads\/2016\/07\/Unter-Geiern-05.jpg 800w, https:\/\/lightofswitzerland.ch\/wp-content\/uploads\/2016\/07\/Unter-Geiern-05-300x225.jpg 300w, https:\/\/lightofswitzerland.ch\/wp-content\/uploads\/2016\/07\/Unter-Geiern-05-768x576.jpg 768w\" sizes=\"auto, (max-width: 800px) 100vw, 800px\" \/>\u00a0 <img loading=\"lazy\" decoding=\"async\" class=\"aligncenter size-full wp-image-1312\" src=\"http:\/\/lightofswitzerland.ch\/wp-content\/uploads\/2016\/07\/Unter-Geiern-06.jpg\" alt=\"Unter Geiern 06\" width=\"800\" height=\"591\" srcset=\"https:\/\/lightofswitzerland.ch\/wp-content\/uploads\/2016\/07\/Unter-Geiern-06.jpg 800w, https:\/\/lightofswitzerland.ch\/wp-content\/uploads\/2016\/07\/Unter-Geiern-06-300x222.jpg 300w, https:\/\/lightofswitzerland.ch\/wp-content\/uploads\/2016\/07\/Unter-Geiern-06-768x567.jpg 768w\" sizes=\"auto, (max-width: 800px) 100vw, 800px\" \/>\u00a0 <img loading=\"lazy\" decoding=\"async\" class=\"aligncenter size-full wp-image-1313\" src=\"http:\/\/lightofswitzerland.ch\/wp-content\/uploads\/2016\/07\/Unter-Geiern-07.jpg\" alt=\"Unter Geiern 07\" width=\"800\" height=\"600\" srcset=\"https:\/\/lightofswitzerland.ch\/wp-content\/uploads\/2016\/07\/Unter-Geiern-07.jpg 800w, https:\/\/lightofswitzerland.ch\/wp-content\/uploads\/2016\/07\/Unter-Geiern-07-300x225.jpg 300w, https:\/\/lightofswitzerland.ch\/wp-content\/uploads\/2016\/07\/Unter-Geiern-07-768x576.jpg 768w\" sizes=\"auto, (max-width: 800px) 100vw, 800px\" \/>\u00a0 <img loading=\"lazy\" decoding=\"async\" class=\"aligncenter size-full wp-image-1314\" src=\"http:\/\/lightofswitzerland.ch\/wp-content\/uploads\/2016\/07\/Unter-Geiern-09.jpg\" alt=\"Unter Geiern 09\" width=\"800\" height=\"600\" srcset=\"https:\/\/lightofswitzerland.ch\/wp-content\/uploads\/2016\/07\/Unter-Geiern-09.jpg 800w, https:\/\/lightofswitzerland.ch\/wp-content\/uploads\/2016\/07\/Unter-Geiern-09-300x225.jpg 300w, https:\/\/lightofswitzerland.ch\/wp-content\/uploads\/2016\/07\/Unter-Geiern-09-768x576.jpg 768w\" sizes=\"auto, (max-width: 800px) 100vw, 800px\" \/>\u00a0 <img loading=\"lazy\" decoding=\"async\" class=\"aligncenter size-full wp-image-1315\" src=\"http:\/\/lightofswitzerland.ch\/wp-content\/uploads\/2016\/07\/Unter-Geiern-10.jpg\" alt=\"Unter Geiern 10\" width=\"800\" height=\"600\" srcset=\"https:\/\/lightofswitzerland.ch\/wp-content\/uploads\/2016\/07\/Unter-Geiern-10.jpg 800w, https:\/\/lightofswitzerland.ch\/wp-content\/uploads\/2016\/07\/Unter-Geiern-10-300x225.jpg 300w, https:\/\/lightofswitzerland.ch\/wp-content\/uploads\/2016\/07\/Unter-Geiern-10-768x576.jpg 768w\" sizes=\"auto, (max-width: 800px) 100vw, 800px\" \/>\u00a0 <img loading=\"lazy\" decoding=\"async\" class=\"aligncenter size-full wp-image-1316\" src=\"http:\/\/lightofswitzerland.ch\/wp-content\/uploads\/2016\/07\/Unter-Geiern-11.jpg\" alt=\"Unter Geiern 11\" width=\"800\" height=\"570\" srcset=\"https:\/\/lightofswitzerland.ch\/wp-content\/uploads\/2016\/07\/Unter-Geiern-11.jpg 800w, https:\/\/lightofswitzerland.ch\/wp-content\/uploads\/2016\/07\/Unter-Geiern-11-300x214.jpg 300w, https:\/\/lightofswitzerland.ch\/wp-content\/uploads\/2016\/07\/Unter-Geiern-11-768x547.jpg 768w\" sizes=\"auto, (max-width: 800px) 100vw, 800px\" \/>\u00a0 <img loading=\"lazy\" decoding=\"async\" class=\"aligncenter size-full wp-image-1317\" src=\"http:\/\/lightofswitzerland.ch\/wp-content\/uploads\/2016\/07\/Unter-Geiern-12.jpg\" alt=\"Unter Geiern 12\" width=\"800\" height=\"800\" srcset=\"https:\/\/lightofswitzerland.ch\/wp-content\/uploads\/2016\/07\/Unter-Geiern-12.jpg 800w, https:\/\/lightofswitzerland.ch\/wp-content\/uploads\/2016\/07\/Unter-Geiern-12-150x150.jpg 150w, https:\/\/lightofswitzerland.ch\/wp-content\/uploads\/2016\/07\/Unter-Geiern-12-300x300.jpg 300w, https:\/\/lightofswitzerland.ch\/wp-content\/uploads\/2016\/07\/Unter-Geiern-12-768x768.jpg 768w, https:\/\/lightofswitzerland.ch\/wp-content\/uploads\/2016\/07\/Unter-Geiern-12-660x660.jpg 660w, https:\/\/lightofswitzerland.ch\/wp-content\/uploads\/2016\/07\/Unter-Geiern-12-373x373.jpg 373w\" sizes=\"auto, (max-width: 800px) 100vw, 800px\" \/><\/p>\n<\/div>\n","protected":false},"excerpt":{"rendered":"<p>fly like an eagle: Unterwegs mit G\u00e4nsegeiern hoch \u00fcber der Aradena-Schlucht im wilden S\u00fcden von Kreta.\u00a0 \u00a0 \u00a0 \u00a0\u00a0\u00a0 \u00a0 \u00a0 \u00a0 \u00a0 \u00a0<\/p>\n","protected":false},"author":1,"featured_media":0,"parent":0,"menu_order":0,"comment_status":"closed","ping_status":"closed","template":"","meta":{"footnotes":""},"class_list":["post-1303","page","type-page","status-publish","hentry"],"_links":{"self":[{"href":"https:\/\/lightofswitzerland.ch\/index.php\/wp-json\/wp\/v2\/pages\/1303","targetHints":{"allow":["GET"]}}],"collection":[{"href":"https:\/\/lightofswitzerland.ch\/index.php\/wp-json\/wp\/v2\/pages"}],"about":[{"href":"https:\/\/lightofswitzerland.ch\/index.php\/wp-json\/wp\/v2\/types\/page"}],"author":[{"embeddable":true,"href":"https:\/\/lightofswitzerland.ch\/index.php\/wp-json\/wp\/v2\/users\/1"}],"replies":[{"embeddable":true,"href":"https:\/\/lightofswitzerland.ch\/index.php\/wp-json\/wp\/v2\/comments?post=1303"}],"version-history":[{"count":6,"href":"https:\/\/lightofswitzerland.ch\/index.php\/wp-json\/wp\/v2\/pages\/1303\/revisions"}],"predecessor-version":[{"id":1378,"href":"https:\/\/lightofswitzerland.ch\/index.php\/wp-json\/wp\/v2\/pages\/1303\/revisions\/1378"}],"wp:attachment":[{"href":"https:\/\/lightofswitzerland.ch\/index.php\/wp-json\/wp\/v2\/media?parent=1303"}],"curies":[{"name":"wp","href":"https:\/\/api.w.org\/{rel}","templated":true}]}}