{"id":1655,"date":"2018-04-03T23:25:17","date_gmt":"2018-04-03T21:25:17","guid":{"rendered":"http:\/\/lightofswitzerland.ch\/?page_id=1655"},"modified":"2024-05-24T11:58:28","modified_gmt":"2024-05-24T09:58:28","slug":"der-lange-marsch-2-teil","status":"publish","type":"page","link":"https:\/\/lightofswitzerland.ch\/index.php\/der-lange-marsch-2-teil\/","title":{"rendered":"Last days of old China: 2"},"content":{"rendered":"<header class=\"entry-header\">\n<h1><strong>Donat Kamber:<br \/>\nStreet-Photography: CHINA\u00a0<\/strong><b>1988-1993<\/b><\/h1>\n<hr \/>\n<h3><b>Der Kontinent der G\u00f6tter: <\/b>Erinnerungen an eine nicht mehr existente Welt<\/h3>\n<div class=\"haupttext\">Ein photographisches Langzeit-Projekt \u00fcber China am Ende der \u00c4ra von Mao Zedong, zu Beginn der gerade erst angedachten Kampagne der \u00abvier Modernisierungen\u00bb von Deng Xiao Ping.<br \/>\nIm Zeitraum zwischen 1988 und 1993 waren es insgesamt 28\u2018000 km innerhalb Chinas die mit \u00f6ffentlich verf\u00fcgbaren Transportmitteln meist Eisenbahn, Bus, Schiff, aber auch mit Fahrrad, zu Fuss, auf Flossen oder\u00a0anderweitigen, nicht eindeutig spezifizierbaren Transportm\u00f6glichkeiten zur\u00fcckgelegt wurden.<\/p>\n<div class=\"haupttext\"><\/div>\n<div class=\"haupttext\"><\/div>\n<div class=\"haupttext\"><b>2. Teil: Das alte China im Jahr des Drachen, Winter\/Fr\u00fchjahr 1989<\/b><\/div>\n<\/div>\n<\/header>\n<header class=\"entry-header\">\n<div class=\"haupttext\">\n<hr \/>\n<\/div>\n<\/header>\n<div class=\"haupttext\"><\/div>\n<div class=\"haupttext\"><img loading=\"lazy\" decoding=\"async\" class=\"aligncenter size-full wp-image-1660\" src=\"http:\/\/lightofswitzerland.ch\/wp-content\/uploads\/2018\/04\/China-Teil-2.jpg\" alt=\"\" width=\"964\" height=\"31478\" srcset=\"https:\/\/lightofswitzerland.ch\/wp-content\/uploads\/2018\/04\/China-Teil-2.jpg 964w, https:\/\/lightofswitzerland.ch\/wp-content\/uploads\/2018\/04\/China-Teil-2-768x25078.jpg 768w\" sizes=\"auto, (max-width: 964px) 100vw, 964px\" \/><\/div>\n<div><\/div>\n<div>\n<div class=\"haupttext\">\n<hr \/>\n<\/div>\n<div class=\"haupttext\"><span style=\"color: #993300;\"><strong>Download:<\/strong><\/span><\/div>\n<ul>\n<li class=\"haupttext\"><span style=\"color: #993300;\"><strong><a href=\"http:\/\/meine-welt.ch.85-25-100-224.luna552.startdedicated.de\/wp-content\/uploads\/2015\/11\/DAC-Flyer.pdf\" target=\"_blank\" rel=\"noopener\">eBook-Flyer<\/a><\/strong><\/span><\/li>\n<\/ul>\n<div class=\"haupttext\"><span style=\"color: #993300;\"><strong>Der Link zum Buch: deutsche- &amp; englische Ausgabe:<\/strong><\/span><\/div>\n<ul>\n<li class=\"haupttext\"><span style=\"color: #993300;\"><strong><a href=\"https:\/\/itunes.apple.com\/ch\/book\/das-alte-china\/id891668922?mt=11\" target=\"_blank\" rel=\"noopener\">Das alte China<\/a><\/strong><\/span><\/li>\n<li class=\"haupttext\"><span style=\"color: #993300;\"><strong><a href=\"https:\/\/itunes.apple.com\/ch\/book\/old-china\/id921481131?mt=11\" target=\"_blank\" rel=\"noopener\">Old China<\/a><\/strong><\/span><\/li>\n<\/ul>\n<p>&nbsp;<\/p>\n<\/div>\n","protected":false},"excerpt":{"rendered":"<p>Donat Kamber: Street-Photography: CHINA\u00a01988-1993 Der Kontinent der G\u00f6tter: Erinnerungen an eine nicht mehr existente Welt Ein photographisches Langzeit-Projekt \u00fcber China am Ende der \u00c4ra von Mao Zedong, zu Beginn der gerade erst angedachten Kampagne der&hellip; <a class=\"excerpt-more-link\" href=\"https:\/\/lightofswitzerland.ch\/index.php\/der-lange-marsch-2-teil\/\">Read More<\/a><\/p>\n","protected":false},"author":1,"featured_media":0,"parent":0,"menu_order":0,"comment_status":"closed","ping_status":"closed","template":"page-templates\/full-width.php","meta":{"footnotes":""},"class_list":["post-1655","page","type-page","status-publish","hentry"],"_links":{"self":[{"href":"https:\/\/lightofswitzerland.ch\/index.php\/wp-json\/wp\/v2\/pages\/1655","targetHints":{"allow":["GET"]}}],"collection":[{"href":"https:\/\/lightofswitzerland.ch\/index.php\/wp-json\/wp\/v2\/pages"}],"about":[{"href":"https:\/\/lightofswitzerland.ch\/index.php\/wp-json\/wp\/v2\/types\/page"}],"author":[{"embeddable":true,"href":"https:\/\/lightofswitzerland.ch\/index.php\/wp-json\/wp\/v2\/users\/1"}],"replies":[{"embeddable":true,"href":"https:\/\/lightofswitzerland.ch\/index.php\/wp-json\/wp\/v2\/comments?post=1655"}],"version-history":[{"count":19,"href":"https:\/\/lightofswitzerland.ch\/index.php\/wp-json\/wp\/v2\/pages\/1655\/revisions"}],"predecessor-version":[{"id":2246,"href":"https:\/\/lightofswitzerland.ch\/index.php\/wp-json\/wp\/v2\/pages\/1655\/revisions\/2246"}],"wp:attachment":[{"href":"https:\/\/lightofswitzerland.ch\/index.php\/wp-json\/wp\/v2\/media?parent=1655"}],"curies":[{"name":"wp","href":"https:\/\/api.w.org\/{rel}","templated":true}]}}