{"id":203,"date":"2015-11-25T13:55:58","date_gmt":"2015-11-25T12:55:58","guid":{"rendered":"http:\/\/meine-welt.ch.85-25-100-224.luna552.startdedicated.de\/?page_id=203"},"modified":"2024-05-24T11:57:57","modified_gmt":"2024-05-24T09:57:57","slug":"china-der-lange-marsch","status":"publish","type":"page","link":"https:\/\/lightofswitzerland.ch\/index.php\/event\/lifeline-photographie\/china-der-lange-marsch\/","title":{"rendered":"Last days of old China: 1"},"content":{"rendered":"<h1 style=\"text-align: left;\"><strong>Donat Kamber:<br \/>\nStreet-Photography: CHINA\u00a0<\/strong><span style=\"color: #333333;\"><b>1988-1993<\/b><\/span><\/h1>\n<hr \/>\n<h3 style=\"text-align: left;\"><span style=\"color: #333333;\"><b>Der Kontinent der G\u00f6tter: <\/b><\/span><span style=\"color: #000000;\">Erinnerungen an eine nicht mehr existente Welt<\/span><\/h3>\n<div class=\"haupttext\" style=\"text-align: left;\"><span style=\"color: #333333;\">Ein photographisches Langzeit-Projekt \u00fcber China am Ende der \u00c4ra von Mao Zedong, zu Beginn der gerade erst angedachten Kampagne der \u00abvier Modernisierungen\u00bb von Deng Xiao Ping.<\/span><br \/>\n<span style=\"color: #333333;\">Im Zeitraum zwischen 1988 und 1993 waren es insgesamt 28\u2018000 km innerhalb Chinas die mit \u00f6ffentlich verf\u00fcgbaren Transportmitteln meist Eisenbahn, Bus, Schiff, aber auch mit Fahrrad, zu Fuss, auf Flossen oder\u00a0anderweitigen, nicht eindeutig spezifizierbaren Transportm<\/span><span style=\"color: #333333;\">\u00f6glichkeiten zur\u00fcckgelegt wurden.<\/span><\/div>\n<div class=\"haupttext\"><span style=\"color: #333333;\">\u00a0<\/span><\/div>\n<div class=\"haupttext\"><span style=\"color: #333333;\"><b>1. Teil: Das alte China im Jahr des Drachen, Herbst\/Winter\u00a01988<\/b><\/span><\/div>\n<div class=\"haupttext\" style=\"text-align: center;\">\n<hr \/>\n<\/div>\n<div class=\"haupttext\" style=\"text-align: center;\"><span style=\"color: #ffffff;\"><img loading=\"lazy\" decoding=\"async\" class=\"aligncenter size-full wp-image-1667\" src=\"http:\/\/lightofswitzerland.ch\/wp-content\/uploads\/2015\/11\/China-Teil-1.jpg\" alt=\"\" width=\"964\" height=\"15827\" srcset=\"https:\/\/lightofswitzerland.ch\/wp-content\/uploads\/2015\/11\/China-Teil-1.jpg 964w, https:\/\/lightofswitzerland.ch\/wp-content\/uploads\/2015\/11\/China-Teil-1-768x12609.jpg 768w\" sizes=\"auto, (max-width: 964px) 100vw, 964px\" \/><\/span><\/div>\n<div class=\"haupttext\" style=\"text-align: center;\"><span style=\"color: #ffffff;\">\u2022<\/span><\/div>\n<div class=\"haupttext\" style=\"text-align: center;\">\n<hr \/>\n<\/div>\n<div class=\"haupttext\"><strong><span style=\"color: #333333;\">Download:<\/span><\/strong><\/div>\n<ul>\n<li class=\"haupttext\"><span style=\"color: #333333;\"><a href=\"http:\/\/meine-welt.ch.85-25-100-224.luna552.startdedicated.de\/wp-content\/uploads\/2015\/11\/DAC-Flyer.pdf\" target=\"_blank\" rel=\"noopener\">eBook-Flyer<\/a><\/span><\/li>\n<\/ul>\n<div class=\"haupttext\"><strong><span style=\"color: #333333;\">Der Link zum Buch: deutsche- &amp; englische Ausgabe:<\/span><\/strong><\/div>\n<ul>\n<li class=\"haupttext\"><span style=\"color: #333333;\"><a href=\"https:\/\/itunes.apple.com\/ch\/book\/das-alte-china\/id891668922?mt=11\" target=\"_blank\" rel=\"noopener\">Das alte China<\/a><\/span><\/li>\n<li class=\"haupttext\"><span style=\"color: #333333;\"><a href=\"https:\/\/itunes.apple.com\/ch\/book\/old-china\/id921481131?mt=11\" target=\"_blank\" rel=\"noopener\">Old China<\/a><\/span><\/li>\n<\/ul>\n<p style=\"text-align: left;\">\n","protected":false},"excerpt":{"rendered":"<p>Donat Kamber: Street-Photography: CHINA\u00a01988-1993 Der Kontinent der G\u00f6tter: Erinnerungen an eine nicht mehr existente Welt Ein photographisches Langzeit-Projekt \u00fcber China am Ende der \u00c4ra von Mao Zedong, zu Beginn der gerade erst angedachten Kampagne der&hellip; <a class=\"excerpt-more-link\" href=\"https:\/\/lightofswitzerland.ch\/index.php\/event\/lifeline-photographie\/china-der-lange-marsch\/\">Read More<\/a><\/p>\n","protected":false},"author":1,"featured_media":0,"parent":152,"menu_order":0,"comment_status":"closed","ping_status":"closed","template":"page-templates\/full-width.php","meta":{"footnotes":""},"class_list":["post-203","page","type-page","status-publish","hentry"],"_links":{"self":[{"href":"https:\/\/lightofswitzerland.ch\/index.php\/wp-json\/wp\/v2\/pages\/203","targetHints":{"allow":["GET"]}}],"collection":[{"href":"https:\/\/lightofswitzerland.ch\/index.php\/wp-json\/wp\/v2\/pages"}],"about":[{"href":"https:\/\/lightofswitzerland.ch\/index.php\/wp-json\/wp\/v2\/types\/page"}],"author":[{"embeddable":true,"href":"https:\/\/lightofswitzerland.ch\/index.php\/wp-json\/wp\/v2\/users\/1"}],"replies":[{"embeddable":true,"href":"https:\/\/lightofswitzerland.ch\/index.php\/wp-json\/wp\/v2\/comments?post=203"}],"version-history":[{"count":17,"href":"https:\/\/lightofswitzerland.ch\/index.php\/wp-json\/wp\/v2\/pages\/203\/revisions"}],"predecessor-version":[{"id":2245,"href":"https:\/\/lightofswitzerland.ch\/index.php\/wp-json\/wp\/v2\/pages\/203\/revisions\/2245"}],"up":[{"embeddable":true,"href":"https:\/\/lightofswitzerland.ch\/index.php\/wp-json\/wp\/v2\/pages\/152"}],"wp:attachment":[{"href":"https:\/\/lightofswitzerland.ch\/index.php\/wp-json\/wp\/v2\/media?parent=203"}],"curies":[{"name":"wp","href":"https:\/\/api.w.org\/{rel}","templated":true}]}}